{"id":1189,"date":"2022-06-22T18:00:55","date_gmt":"2022-06-22T16:00:55","guid":{"rendered":"https:\/\/www.giafaritaormina.com\/apartments\/"},"modified":"2025-05-26T12:20:47","modified_gmt":"2025-05-26T10:20:47","slug":"appartements","status":"publish","type":"page","link":"https:\/\/www.giafaritaormina.com\/de\/appartements\/","title":{"rendered":"Appartements"},"content":{"rendered":"<div class=\"wpb-content-wrapper\"><p>[vc_row row_height_percent=&#8220;0&#8243; override_padding=&#8220;yes&#8220; h_padding=&#8220;2&#8243; top_padding=&#8220;0&#8243; bottom_padding=&#8220;0&#8243; overlay_alpha=&#8220;50&#8243; gutter_size=&#8220;3&#8243; column_width_percent=&#8220;100&#8243; shift_y=&#8220;0&#8243; z_index=&#8220;0&#8243; uncode_shortcode_id=&#8220;974643&#8243;][vc_column width=&#8220;1\/1&#8243;][vc_column_text uncode_shortcode_id=&#8220;202779&#8243; el_class=&#8220;archivio-page_intro&#8220;]W\u00e4hlen Sie aus unseren 3 unten aufgef\u00fchrten <strong>Appartements<\/strong>, jedes mit seinem eigenen Stil und Charakter. Jedes bietet <strong>Unabh\u00e4ngigkeit<\/strong> und ein Zuhause fern von daheim, so dass jeder Gast <strong>Taormina<\/strong> wie ein Einheimischer erleben kann. Um mehr \u00fcber die Appartements zu erfahren, klicken Sie auf \u201eErfahren Sie mehr&#8220; unter der Beschreibung des jeweiligen Appartements.<\/p>\n<p><small><i><strong>Alle Appartements umfassen<\/strong><br \/>\nNespresso-Kaffeemaschine, Tee- und Kaffeezubereitungsm\u00f6glichkeiten, W-LAN, Led-Fernseher mit internationalen TV-Kan\u00e4len, Hausschuhe, K\u00fcche mit K\u00fchlschrank, Gefrierschrank und Kochfeld, Mikrowellenherd, Geschirr und Besteck, Wasserkocher, Haartrockner, Safe, Designer-Toilettenartikel, individuelle Klimaanlage und Heizung. Das Rauchen ist in den Appartements nicht gestattet und der t\u00e4gliche Reinigungsservice ist inbegriffen.<\/i><\/small>[\/vc_column_text][uncode_index el_id=&#8220;index-679969&#8243; isotope_mode=&#8220;vertical&#8220; loop=&#8220;size:10|order_by:date|order:DESC|post_type:portfolio|tax_query:19|taxonomy_count:10&#8243; screen_lg=&#8220;1000&#8243; screen_md=&#8220;600&#8243; screen_sm=&#8220;480&#8243; gutter_size=&#8220;3&#8243; portfolio_items=&#8220;media|secondary|onpost|original,title,link|link|default_size|scale_mobile|default_width|default_outline&#8220; single_width=&#8220;12&#8243; images_size=&#8220;sixteen-nine&#8220; single_overlay_opacity=&#8220;50&#8243; single_padding=&#8220;2&#8243; uncode_shortcode_id=&#8220;963539&#8243;][\/vc_column][\/vc_row]<\/p>\n<\/div>","protected":false},"excerpt":{"rendered":"<p>[vc_row row_height_percent=&#8220;0&#8243; override_padding=&#8220;yes&#8220; h_padding=&#8220;2&#8243; top_padding=&#8220;0&#8243; bottom_padding=&#8220;0&#8243; overlay_alpha=&#8220;50&#8243; gutter_size=&#8220;3&#8243; column_width_percent=&#8220;100&#8243; shift_y=&#8220;0&#8243; z_index=&#8220;0&#8243; uncode_shortcode_id=&#8220;974643&#8243;][vc_column width=&#8220;1\/1&#8243;][vc_column_text uncode_shortcode_id=&#8220;202779&#8243; el_class=&#8220;archivio-page_intro&#8220;]W\u00e4hlen Sie aus unseren 3 unten [&hellip;]<\/p>\n","protected":false},"author":1,"featured_media":1972,"parent":0,"menu_order":0,"comment_status":"closed","ping_status":"closed","template":"","meta":{"footnotes":""},"class_list":["post-1189","page","type-page","status-publish","has-post-thumbnail","hentry"],"yoast_head":"<!-- This site is optimized with the Yoast SEO plugin v27.0 - https:\/\/yoast.com\/product\/yoast-seo-wordpress\/ -->\n<title>Casa Giafari Appartements<\/title>\n<meta name=\"description\" content=\"Casa Giafari apartments include either one or two king size bedrooms, a private balcony or terrace, a sofa bed, and plenty of space to relax.\" \/>\n<meta name=\"robots\" content=\"index, follow, max-snippet:-1, max-image-preview:large, max-video-preview:-1\" \/>\n<link rel=\"canonical\" href=\"https:\/\/www.giafaritaormina.com\/de\/appartements\/\" \/>\n<meta property=\"og:locale\" content=\"de_DE\" \/>\n<meta property=\"og:type\" content=\"article\" \/>\n<meta property=\"og:title\" content=\"Casa Giafari Appartements\" \/>\n<meta property=\"og:description\" content=\"Casa Giafari apartments include either one or two king size bedrooms, a private balcony or terrace, a sofa bed, and plenty of space to relax.\" \/>\n<meta property=\"og:url\" content=\"https:\/\/www.giafaritaormina.com\/de\/appartements\/\" \/>\n<meta property=\"og:site_name\" content=\"Casa Giafari\" \/>\n<meta property=\"article:modified_time\" content=\"2025-05-26T10:20:47+00:00\" \/>\n<meta property=\"og:image\" content=\"https:\/\/www.giafaritaormina.com\/wp-content\/uploads\/2025\/05\/first-floor-suite-interior-3-alt.jpg\" \/>\n\t<meta property=\"og:image:width\" content=\"1281\" \/>\n\t<meta property=\"og:image:height\" content=\"1920\" \/>\n\t<meta property=\"og:image:type\" content=\"image\/jpeg\" \/>\n<meta name=\"twitter:card\" content=\"summary_large_image\" \/>\n<meta name=\"twitter:label1\" content=\"Gesch\u00e4tzte Lesezeit\" \/>\n\t<meta name=\"twitter:data1\" content=\"1\u00a0Minute\" \/>\n<script type=\"application\/ld+json\" class=\"yoast-schema-graph\">{\"@context\":\"https:\/\/schema.org\",\"@graph\":[{\"@type\":\"WebPage\",\"@id\":\"https:\/\/www.giafaritaormina.com\/de\/appartements\/\",\"url\":\"https:\/\/www.giafaritaormina.com\/de\/appartements\/\",\"name\":\"Casa Giafari Appartements\",\"isPartOf\":{\"@id\":\"https:\/\/www.giafaritaormina.com\/de\/#website\"},\"primaryImageOfPage\":{\"@id\":\"https:\/\/www.giafaritaormina.com\/de\/appartements\/#primaryimage\"},\"image\":{\"@id\":\"https:\/\/www.giafaritaormina.com\/de\/appartements\/#primaryimage\"},\"thumbnailUrl\":\"https:\/\/www.giafaritaormina.com\/wp-content\/uploads\/2025\/05\/first-floor-suite-interior-3-alt.jpg\",\"datePublished\":\"2022-06-22T16:00:55+00:00\",\"dateModified\":\"2025-05-26T10:20:47+00:00\",\"description\":\"Casa Giafari apartments include either one or two king size bedrooms, a private balcony or terrace, a sofa bed, and plenty of space to relax.\",\"breadcrumb\":{\"@id\":\"https:\/\/www.giafaritaormina.com\/de\/appartements\/#breadcrumb\"},\"inLanguage\":\"de\",\"potentialAction\":[{\"@type\":\"ReadAction\",\"target\":[\"https:\/\/www.giafaritaormina.com\/de\/appartements\/\"]}]},{\"@type\":\"ImageObject\",\"inLanguage\":\"de\",\"@id\":\"https:\/\/www.giafaritaormina.com\/de\/appartements\/#primaryimage\",\"url\":\"https:\/\/www.giafaritaormina.com\/wp-content\/uploads\/2025\/05\/first-floor-suite-interior-3-alt.jpg\",\"contentUrl\":\"https:\/\/www.giafaritaormina.com\/wp-content\/uploads\/2025\/05\/first-floor-suite-interior-3-alt.jpg\",\"width\":1281,\"height\":1920},{\"@type\":\"BreadcrumbList\",\"@id\":\"https:\/\/www.giafaritaormina.com\/de\/appartements\/#breadcrumb\",\"itemListElement\":[{\"@type\":\"ListItem\",\"position\":1,\"name\":\"Home\",\"item\":\"https:\/\/www.giafaritaormina.com\/de\/\"},{\"@type\":\"ListItem\",\"position\":2,\"name\":\"Appartements\"}]},{\"@type\":\"WebSite\",\"@id\":\"https:\/\/www.giafaritaormina.com\/de\/#website\",\"url\":\"https:\/\/www.giafaritaormina.com\/de\/\",\"name\":\"Casa Giafari\",\"description\":\"Dream place Taormina\",\"publisher\":{\"@id\":\"https:\/\/www.giafaritaormina.com\/de\/#organization\"},\"potentialAction\":[{\"@type\":\"SearchAction\",\"target\":{\"@type\":\"EntryPoint\",\"urlTemplate\":\"https:\/\/www.giafaritaormina.com\/de\/?s={search_term_string}\"},\"query-input\":{\"@type\":\"PropertyValueSpecification\",\"valueRequired\":true,\"valueName\":\"search_term_string\"}}],\"inLanguage\":\"de\"},{\"@type\":\"Organization\",\"@id\":\"https:\/\/www.giafaritaormina.com\/de\/#organization\",\"name\":\"CASA GIAFARI\",\"url\":\"https:\/\/www.giafaritaormina.com\/de\/\",\"logo\":{\"@type\":\"ImageObject\",\"inLanguage\":\"de\",\"@id\":\"https:\/\/www.giafaritaormina.com\/de\/#\/schema\/logo\/image\/\",\"url\":\"https:\/\/www.giafaritaormina.com\/wp-content\/uploads\/2022\/07\/logo-casa-giafari-colori.png\",\"contentUrl\":\"https:\/\/www.giafaritaormina.com\/wp-content\/uploads\/2022\/07\/logo-casa-giafari-colori.png\",\"width\":2472,\"height\":2486,\"caption\":\"CASA GIAFARI\"},\"image\":{\"@id\":\"https:\/\/www.giafaritaormina.com\/de\/#\/schema\/logo\/image\/\"},\"sameAs\":[\"https:\/\/www.instagram.com\/giafaritaormina\/\"]}]}<\/script>\n<!-- \/ Yoast SEO plugin. -->","yoast_head_json":{"title":"Casa Giafari Appartements","description":"Casa Giafari apartments include either one or two king size bedrooms, a private balcony or terrace, a sofa bed, and plenty of space to relax.","robots":{"index":"index","follow":"follow","max-snippet":"max-snippet:-1","max-image-preview":"max-image-preview:large","max-video-preview":"max-video-preview:-1"},"canonical":"https:\/\/www.giafaritaormina.com\/de\/appartements\/","og_locale":"de_DE","og_type":"article","og_title":"Casa Giafari Appartements","og_description":"Casa Giafari apartments include either one or two king size bedrooms, a private balcony or terrace, a sofa bed, and plenty of space to relax.","og_url":"https:\/\/www.giafaritaormina.com\/de\/appartements\/","og_site_name":"Casa Giafari","article_modified_time":"2025-05-26T10:20:47+00:00","og_image":[{"width":1281,"height":1920,"url":"https:\/\/www.giafaritaormina.com\/wp-content\/uploads\/2025\/05\/first-floor-suite-interior-3-alt.jpg","type":"image\/jpeg"}],"twitter_card":"summary_large_image","twitter_misc":{"Gesch\u00e4tzte Lesezeit":"1\u00a0Minute"},"schema":{"@context":"https:\/\/schema.org","@graph":[{"@type":"WebPage","@id":"https:\/\/www.giafaritaormina.com\/de\/appartements\/","url":"https:\/\/www.giafaritaormina.com\/de\/appartements\/","name":"Casa Giafari Appartements","isPartOf":{"@id":"https:\/\/www.giafaritaormina.com\/de\/#website"},"primaryImageOfPage":{"@id":"https:\/\/www.giafaritaormina.com\/de\/appartements\/#primaryimage"},"image":{"@id":"https:\/\/www.giafaritaormina.com\/de\/appartements\/#primaryimage"},"thumbnailUrl":"https:\/\/www.giafaritaormina.com\/wp-content\/uploads\/2025\/05\/first-floor-suite-interior-3-alt.jpg","datePublished":"2022-06-22T16:00:55+00:00","dateModified":"2025-05-26T10:20:47+00:00","description":"Casa Giafari apartments include either one or two king size bedrooms, a private balcony or terrace, a sofa bed, and plenty of space to relax.","breadcrumb":{"@id":"https:\/\/www.giafaritaormina.com\/de\/appartements\/#breadcrumb"},"inLanguage":"de","potentialAction":[{"@type":"ReadAction","target":["https:\/\/www.giafaritaormina.com\/de\/appartements\/"]}]},{"@type":"ImageObject","inLanguage":"de","@id":"https:\/\/www.giafaritaormina.com\/de\/appartements\/#primaryimage","url":"https:\/\/www.giafaritaormina.com\/wp-content\/uploads\/2025\/05\/first-floor-suite-interior-3-alt.jpg","contentUrl":"https:\/\/www.giafaritaormina.com\/wp-content\/uploads\/2025\/05\/first-floor-suite-interior-3-alt.jpg","width":1281,"height":1920},{"@type":"BreadcrumbList","@id":"https:\/\/www.giafaritaormina.com\/de\/appartements\/#breadcrumb","itemListElement":[{"@type":"ListItem","position":1,"name":"Home","item":"https:\/\/www.giafaritaormina.com\/de\/"},{"@type":"ListItem","position":2,"name":"Appartements"}]},{"@type":"WebSite","@id":"https:\/\/www.giafaritaormina.com\/de\/#website","url":"https:\/\/www.giafaritaormina.com\/de\/","name":"Casa Giafari","description":"Dream place Taormina","publisher":{"@id":"https:\/\/www.giafaritaormina.com\/de\/#organization"},"potentialAction":[{"@type":"SearchAction","target":{"@type":"EntryPoint","urlTemplate":"https:\/\/www.giafaritaormina.com\/de\/?s={search_term_string}"},"query-input":{"@type":"PropertyValueSpecification","valueRequired":true,"valueName":"search_term_string"}}],"inLanguage":"de"},{"@type":"Organization","@id":"https:\/\/www.giafaritaormina.com\/de\/#organization","name":"CASA GIAFARI","url":"https:\/\/www.giafaritaormina.com\/de\/","logo":{"@type":"ImageObject","inLanguage":"de","@id":"https:\/\/www.giafaritaormina.com\/de\/#\/schema\/logo\/image\/","url":"https:\/\/www.giafaritaormina.com\/wp-content\/uploads\/2022\/07\/logo-casa-giafari-colori.png","contentUrl":"https:\/\/www.giafaritaormina.com\/wp-content\/uploads\/2022\/07\/logo-casa-giafari-colori.png","width":2472,"height":2486,"caption":"CASA GIAFARI"},"image":{"@id":"https:\/\/www.giafaritaormina.com\/de\/#\/schema\/logo\/image\/"},"sameAs":["https:\/\/www.instagram.com\/giafaritaormina\/"]}]}},"_links":{"self":[{"href":"https:\/\/www.giafaritaormina.com\/de\/wp-json\/wp\/v2\/pages\/1189","targetHints":{"allow":["GET"]}}],"collection":[{"href":"https:\/\/www.giafaritaormina.com\/de\/wp-json\/wp\/v2\/pages"}],"about":[{"href":"https:\/\/www.giafaritaormina.com\/de\/wp-json\/wp\/v2\/types\/page"}],"author":[{"embeddable":true,"href":"https:\/\/www.giafaritaormina.com\/de\/wp-json\/wp\/v2\/users\/1"}],"replies":[{"embeddable":true,"href":"https:\/\/www.giafaritaormina.com\/de\/wp-json\/wp\/v2\/comments?post=1189"}],"version-history":[{"count":6,"href":"https:\/\/www.giafaritaormina.com\/de\/wp-json\/wp\/v2\/pages\/1189\/revisions"}],"predecessor-version":[{"id":1971,"href":"https:\/\/www.giafaritaormina.com\/de\/wp-json\/wp\/v2\/pages\/1189\/revisions\/1971"}],"wp:featuredmedia":[{"embeddable":true,"href":"https:\/\/www.giafaritaormina.com\/de\/wp-json\/wp\/v2\/media\/1972"}],"wp:attachment":[{"href":"https:\/\/www.giafaritaormina.com\/de\/wp-json\/wp\/v2\/media?parent=1189"}],"curies":[{"name":"wp","href":"https:\/\/api.w.org\/{rel}","templated":true}]}}