{"id":1196,"date":"2022-06-22T15:09:50","date_gmt":"2022-06-22T13:09:50","guid":{"rendered":"https:\/\/www.giafaritaormina.com\/rooms\/"},"modified":"2024-05-14T10:06:11","modified_gmt":"2024-05-14T08:06:11","slug":"zimmer","status":"publish","type":"page","link":"https:\/\/www.giafaritaormina.com\/de\/zimmer\/","title":{"rendered":"Zimmer"},"content":{"rendered":"<div class=\"wpb-content-wrapper\"><p>[vc_row row_height_percent=&#8220;0&#8243; override_padding=&#8220;yes&#8220; h_padding=&#8220;2&#8243; top_padding=&#8220;0&#8243; bottom_padding=&#8220;0&#8243; overlay_alpha=&#8220;50&#8243; gutter_size=&#8220;3&#8243; column_width_percent=&#8220;100&#8243; shift_y=&#8220;0&#8243; z_index=&#8220;0&#8243; uncode_shortcode_id=&#8220;974643&#8243;][vc_column width=&#8220;1\/1&#8243;][vc_column_text uncode_shortcode_id=&#8220;129163&#8243; el_class=&#8220;archivio-page_intro&#8220;]W\u00e4hlen Sie aus den unten aufgef\u00fchrten <strong>Zimmern<\/strong> aus. Jedes von ihnen wurde mit <strong>mediterraner Raffinesse<\/strong> gestaltet und bietet ein ruhiges Ambiente, in dem Sie gerne bei Sonnenaufgang aufwachen werden.<\/p>\n<p><small><i><strong>Alle Zimmer umfassen<\/strong><br \/>\nNespresso-Kaffeemaschine, Tee- und Kaffeezubereitungsm\u00f6glichkeiten, W-LAN, Led-Fernseher mit internationalen TV-Kan\u00e4len, Hausschuhe, kleiner K\u00fchlschrank, Wasserkocher, Haartrockner, Safe, Designer-Toilettenartikel, Klimaanlage und Heizung. <strong>Das Rauchen ist in allen Zimmern nicht gestattet<\/strong> und ein t\u00e4glicher <strong>Reinigungsservice<\/strong> ist inbegriffen.<\/i><\/small><\/p>\n<p>[\/vc_column_text][uncode_index el_id=&#8220;index-679969&#8243; isotope_mode=&#8220;vertical&#8220; loop=&#8220;size:10|order_by:date|order:DESC|post_type:portfolio|tax_query:34|taxonomy_count:10&#8243; gutter_size=&#8220;3&#8243; portfolio_items=&#8220;media|featured|onpost|original,title,link|link|default_size|Erfahren Sie mehr&#8220; screen_lg=&#8220;1000&#8243; screen_md=&#8220;600&#8243; screen_sm=&#8220;480&#8243; single_width=&#8220;12&#8243; images_size=&#8220;sixteen-nine&#8220; single_overlay_opacity=&#8220;50&#8243; single_secondary=&#8220;yes&#8220; single_padding=&#8220;2&#8243; uncode_shortcode_id=&#8220;396595&#8243;][\/vc_column][\/vc_row]<\/p>\n<\/div>","protected":false},"excerpt":{"rendered":"<p>[vc_row row_height_percent=&#8220;0&#8243; override_padding=&#8220;yes&#8220; h_padding=&#8220;2&#8243; top_padding=&#8220;0&#8243; bottom_padding=&#8220;0&#8243; overlay_alpha=&#8220;50&#8243; gutter_size=&#8220;3&#8243; column_width_percent=&#8220;100&#8243; shift_y=&#8220;0&#8243; z_index=&#8220;0&#8243; uncode_shortcode_id=&#8220;974643&#8243;][vc_column width=&#8220;1\/1&#8243;][vc_column_text uncode_shortcode_id=&#8220;129163&#8243; el_class=&#8220;archivio-page_intro&#8220;]W\u00e4hlen Sie aus den unten aufgef\u00fchrten [&hellip;]<\/p>\n","protected":false},"author":1,"featured_media":1197,"parent":0,"menu_order":0,"comment_status":"closed","ping_status":"closed","template":"","meta":{"footnotes":""},"class_list":["post-1196","page","type-page","status-publish","has-post-thumbnail","hentry"],"yoast_head":"<!-- This site is optimized with the Yoast SEO plugin v27.0 - https:\/\/yoast.com\/product\/yoast-seo-wordpress\/ -->\n<title>Casa Giafari Zimmer<\/title>\n<meta name=\"description\" content=\"Simple sophistication characterizes our rooms. Each sleeps 2 people and includes a king-size bed, modern shower room, and a balcony or patio.\" \/>\n<meta name=\"robots\" content=\"index, follow, max-snippet:-1, max-image-preview:large, max-video-preview:-1\" \/>\n<link rel=\"canonical\" href=\"https:\/\/www.giafaritaormina.com\/de\/zimmer\/\" \/>\n<meta property=\"og:locale\" content=\"de_DE\" \/>\n<meta property=\"og:type\" content=\"article\" \/>\n<meta property=\"og:title\" content=\"Casa Giafari Zimmer\" \/>\n<meta property=\"og:description\" content=\"Simple sophistication characterizes our rooms. Each sleeps 2 people and includes a king-size bed, modern shower room, and a balcony or patio.\" \/>\n<meta property=\"og:url\" content=\"https:\/\/www.giafaritaormina.com\/de\/zimmer\/\" \/>\n<meta property=\"og:site_name\" content=\"Casa Giafari\" \/>\n<meta property=\"article:modified_time\" content=\"2024-05-14T08:06:11+00:00\" \/>\n<meta property=\"og:image\" content=\"https:\/\/www.giafaritaormina.com\/wp-content\/uploads\/2022\/07\/first-floor-room-interior-1.jpg\" \/>\n\t<meta property=\"og:image:width\" content=\"1920\" \/>\n\t<meta property=\"og:image:height\" content=\"1280\" \/>\n\t<meta property=\"og:image:type\" content=\"image\/jpeg\" \/>\n<meta name=\"twitter:card\" content=\"summary_large_image\" \/>\n<meta name=\"twitter:label1\" content=\"Gesch\u00e4tzte Lesezeit\" \/>\n\t<meta name=\"twitter:data1\" content=\"1\u00a0Minute\" \/>\n<script type=\"application\/ld+json\" class=\"yoast-schema-graph\">{\"@context\":\"https:\/\/schema.org\",\"@graph\":[{\"@type\":\"WebPage\",\"@id\":\"https:\/\/www.giafaritaormina.com\/de\/zimmer\/\",\"url\":\"https:\/\/www.giafaritaormina.com\/de\/zimmer\/\",\"name\":\"Casa Giafari Zimmer\",\"isPartOf\":{\"@id\":\"https:\/\/www.giafaritaormina.com\/de\/#website\"},\"primaryImageOfPage\":{\"@id\":\"https:\/\/www.giafaritaormina.com\/de\/zimmer\/#primaryimage\"},\"image\":{\"@id\":\"https:\/\/www.giafaritaormina.com\/de\/zimmer\/#primaryimage\"},\"thumbnailUrl\":\"https:\/\/www.giafaritaormina.com\/wp-content\/uploads\/2022\/07\/first-floor-room-interior-1.jpg\",\"datePublished\":\"2022-06-22T13:09:50+00:00\",\"dateModified\":\"2024-05-14T08:06:11+00:00\",\"description\":\"Simple sophistication characterizes our rooms. Each sleeps 2 people and includes a king-size bed, modern shower room, and a balcony or patio.\",\"breadcrumb\":{\"@id\":\"https:\/\/www.giafaritaormina.com\/de\/zimmer\/#breadcrumb\"},\"inLanguage\":\"de\",\"potentialAction\":[{\"@type\":\"ReadAction\",\"target\":[\"https:\/\/www.giafaritaormina.com\/de\/zimmer\/\"]}]},{\"@type\":\"ImageObject\",\"inLanguage\":\"de\",\"@id\":\"https:\/\/www.giafaritaormina.com\/de\/zimmer\/#primaryimage\",\"url\":\"https:\/\/www.giafaritaormina.com\/wp-content\/uploads\/2022\/07\/first-floor-room-interior-1.jpg\",\"contentUrl\":\"https:\/\/www.giafaritaormina.com\/wp-content\/uploads\/2022\/07\/first-floor-room-interior-1.jpg\",\"width\":1920,\"height\":1280},{\"@type\":\"BreadcrumbList\",\"@id\":\"https:\/\/www.giafaritaormina.com\/de\/zimmer\/#breadcrumb\",\"itemListElement\":[{\"@type\":\"ListItem\",\"position\":1,\"name\":\"Home\",\"item\":\"https:\/\/www.giafaritaormina.com\/de\/\"},{\"@type\":\"ListItem\",\"position\":2,\"name\":\"Zimmer\"}]},{\"@type\":\"WebSite\",\"@id\":\"https:\/\/www.giafaritaormina.com\/de\/#website\",\"url\":\"https:\/\/www.giafaritaormina.com\/de\/\",\"name\":\"Casa Giafari\",\"description\":\"Dream place Taormina\",\"publisher\":{\"@id\":\"https:\/\/www.giafaritaormina.com\/de\/#organization\"},\"potentialAction\":[{\"@type\":\"SearchAction\",\"target\":{\"@type\":\"EntryPoint\",\"urlTemplate\":\"https:\/\/www.giafaritaormina.com\/de\/?s={search_term_string}\"},\"query-input\":{\"@type\":\"PropertyValueSpecification\",\"valueRequired\":true,\"valueName\":\"search_term_string\"}}],\"inLanguage\":\"de\"},{\"@type\":\"Organization\",\"@id\":\"https:\/\/www.giafaritaormina.com\/de\/#organization\",\"name\":\"CASA GIAFARI\",\"url\":\"https:\/\/www.giafaritaormina.com\/de\/\",\"logo\":{\"@type\":\"ImageObject\",\"inLanguage\":\"de\",\"@id\":\"https:\/\/www.giafaritaormina.com\/de\/#\/schema\/logo\/image\/\",\"url\":\"https:\/\/www.giafaritaormina.com\/wp-content\/uploads\/2022\/07\/logo-casa-giafari-colori.png\",\"contentUrl\":\"https:\/\/www.giafaritaormina.com\/wp-content\/uploads\/2022\/07\/logo-casa-giafari-colori.png\",\"width\":2472,\"height\":2486,\"caption\":\"CASA GIAFARI\"},\"image\":{\"@id\":\"https:\/\/www.giafaritaormina.com\/de\/#\/schema\/logo\/image\/\"},\"sameAs\":[\"https:\/\/www.instagram.com\/giafaritaormina\/\"]}]}<\/script>\n<!-- \/ Yoast SEO plugin. -->","yoast_head_json":{"title":"Casa Giafari Zimmer","description":"Simple sophistication characterizes our rooms. Each sleeps 2 people and includes a king-size bed, modern shower room, and a balcony or patio.","robots":{"index":"index","follow":"follow","max-snippet":"max-snippet:-1","max-image-preview":"max-image-preview:large","max-video-preview":"max-video-preview:-1"},"canonical":"https:\/\/www.giafaritaormina.com\/de\/zimmer\/","og_locale":"de_DE","og_type":"article","og_title":"Casa Giafari Zimmer","og_description":"Simple sophistication characterizes our rooms. Each sleeps 2 people and includes a king-size bed, modern shower room, and a balcony or patio.","og_url":"https:\/\/www.giafaritaormina.com\/de\/zimmer\/","og_site_name":"Casa Giafari","article_modified_time":"2024-05-14T08:06:11+00:00","og_image":[{"width":1920,"height":1280,"url":"https:\/\/www.giafaritaormina.com\/wp-content\/uploads\/2022\/07\/first-floor-room-interior-1.jpg","type":"image\/jpeg"}],"twitter_card":"summary_large_image","twitter_misc":{"Gesch\u00e4tzte Lesezeit":"1\u00a0Minute"},"schema":{"@context":"https:\/\/schema.org","@graph":[{"@type":"WebPage","@id":"https:\/\/www.giafaritaormina.com\/de\/zimmer\/","url":"https:\/\/www.giafaritaormina.com\/de\/zimmer\/","name":"Casa Giafari Zimmer","isPartOf":{"@id":"https:\/\/www.giafaritaormina.com\/de\/#website"},"primaryImageOfPage":{"@id":"https:\/\/www.giafaritaormina.com\/de\/zimmer\/#primaryimage"},"image":{"@id":"https:\/\/www.giafaritaormina.com\/de\/zimmer\/#primaryimage"},"thumbnailUrl":"https:\/\/www.giafaritaormina.com\/wp-content\/uploads\/2022\/07\/first-floor-room-interior-1.jpg","datePublished":"2022-06-22T13:09:50+00:00","dateModified":"2024-05-14T08:06:11+00:00","description":"Simple sophistication characterizes our rooms. Each sleeps 2 people and includes a king-size bed, modern shower room, and a balcony or patio.","breadcrumb":{"@id":"https:\/\/www.giafaritaormina.com\/de\/zimmer\/#breadcrumb"},"inLanguage":"de","potentialAction":[{"@type":"ReadAction","target":["https:\/\/www.giafaritaormina.com\/de\/zimmer\/"]}]},{"@type":"ImageObject","inLanguage":"de","@id":"https:\/\/www.giafaritaormina.com\/de\/zimmer\/#primaryimage","url":"https:\/\/www.giafaritaormina.com\/wp-content\/uploads\/2022\/07\/first-floor-room-interior-1.jpg","contentUrl":"https:\/\/www.giafaritaormina.com\/wp-content\/uploads\/2022\/07\/first-floor-room-interior-1.jpg","width":1920,"height":1280},{"@type":"BreadcrumbList","@id":"https:\/\/www.giafaritaormina.com\/de\/zimmer\/#breadcrumb","itemListElement":[{"@type":"ListItem","position":1,"name":"Home","item":"https:\/\/www.giafaritaormina.com\/de\/"},{"@type":"ListItem","position":2,"name":"Zimmer"}]},{"@type":"WebSite","@id":"https:\/\/www.giafaritaormina.com\/de\/#website","url":"https:\/\/www.giafaritaormina.com\/de\/","name":"Casa Giafari","description":"Dream place Taormina","publisher":{"@id":"https:\/\/www.giafaritaormina.com\/de\/#organization"},"potentialAction":[{"@type":"SearchAction","target":{"@type":"EntryPoint","urlTemplate":"https:\/\/www.giafaritaormina.com\/de\/?s={search_term_string}"},"query-input":{"@type":"PropertyValueSpecification","valueRequired":true,"valueName":"search_term_string"}}],"inLanguage":"de"},{"@type":"Organization","@id":"https:\/\/www.giafaritaormina.com\/de\/#organization","name":"CASA GIAFARI","url":"https:\/\/www.giafaritaormina.com\/de\/","logo":{"@type":"ImageObject","inLanguage":"de","@id":"https:\/\/www.giafaritaormina.com\/de\/#\/schema\/logo\/image\/","url":"https:\/\/www.giafaritaormina.com\/wp-content\/uploads\/2022\/07\/logo-casa-giafari-colori.png","contentUrl":"https:\/\/www.giafaritaormina.com\/wp-content\/uploads\/2022\/07\/logo-casa-giafari-colori.png","width":2472,"height":2486,"caption":"CASA GIAFARI"},"image":{"@id":"https:\/\/www.giafaritaormina.com\/de\/#\/schema\/logo\/image\/"},"sameAs":["https:\/\/www.instagram.com\/giafaritaormina\/"]}]}},"_links":{"self":[{"href":"https:\/\/www.giafaritaormina.com\/de\/wp-json\/wp\/v2\/pages\/1196","targetHints":{"allow":["GET"]}}],"collection":[{"href":"https:\/\/www.giafaritaormina.com\/de\/wp-json\/wp\/v2\/pages"}],"about":[{"href":"https:\/\/www.giafaritaormina.com\/de\/wp-json\/wp\/v2\/types\/page"}],"author":[{"embeddable":true,"href":"https:\/\/www.giafaritaormina.com\/de\/wp-json\/wp\/v2\/users\/1"}],"replies":[{"embeddable":true,"href":"https:\/\/www.giafaritaormina.com\/de\/wp-json\/wp\/v2\/comments?post=1196"}],"version-history":[{"count":6,"href":"https:\/\/www.giafaritaormina.com\/de\/wp-json\/wp\/v2\/pages\/1196\/revisions"}],"predecessor-version":[{"id":1205,"href":"https:\/\/www.giafaritaormina.com\/de\/wp-json\/wp\/v2\/pages\/1196\/revisions\/1205"}],"wp:featuredmedia":[{"embeddable":true,"href":"https:\/\/www.giafaritaormina.com\/de\/wp-json\/wp\/v2\/media\/1197"}],"wp:attachment":[{"href":"https:\/\/www.giafaritaormina.com\/de\/wp-json\/wp\/v2\/media?parent=1196"}],"curies":[{"name":"wp","href":"https:\/\/api.w.org\/{rel}","templated":true}]}}