{"id":1218,"date":"2022-06-20T09:50:05","date_gmt":"2022-06-20T07:50:05","guid":{"rendered":"https:\/\/www.giafaritaormina.com\/about\/"},"modified":"2024-05-14T10:44:54","modified_gmt":"2024-05-14T08:44:54","slug":"ueber-uns","status":"publish","type":"page","link":"https:\/\/www.giafaritaormina.com\/de\/ueber-uns\/","title":{"rendered":"\u00dcber uns"},"content":{"rendered":"<div class=\"wpb-content-wrapper\"><p>[vc_row row_height_percent=&#8220;0&#8243; override_padding=&#8220;yes&#8220; h_padding=&#8220;2&#8243; top_padding=&#8220;4&#8243; bottom_padding=&#8220;4&#8243; overlay_alpha=&#8220;50&#8243; gutter_size=&#8220;3&#8243; column_width_percent=&#8220;100&#8243; shift_y=&#8220;0&#8243; z_index=&#8220;0&#8243; uncode_shortcode_id=&#8220;783248&#8243;][vc_column width=&#8220;1\/1&#8243;][vc_single_image media=&#8220;1103&#8243; media_lightbox=&#8220;yes&#8220; media_width_percent=&#8220;100&#8243; media_ratio=&#8220;sixteen-nine&#8220; alignment=&#8220;center&#8220; uncode_shortcode_id=&#8220;649186&#8243; el_class=&#8220;do-square_img&#8220;][vc_row_inner row_inner_height_percent=&#8220;0&#8243; overlay_alpha=&#8220;50&#8243; gutter_size=&#8220;3&#8243; shift_y=&#8220;0&#8243; z_index=&#8220;0&#8243; uncode_shortcode_id=&#8220;100957&#8243; el_class=&#8220;pt-64&#8243; limit_content=&#8220;&#8220;][vc_column_inner width=&#8220;1\/2&#8243;][vc_column_text text_lead=&#8220;yes&#8220; uncode_shortcode_id=&#8220;290025&#8243;]<\/p>\n<h2>Umgebung<\/h2>\n<p>Der Name \u201e<strong>Giafari<\/strong>\u201c leitet sich von dem arabischen Wort \u201e<strong><em>Ja&#8217;far<\/em><\/strong>\u201c ab, das \u201ekleiner Fluss\u201c oder \u201eBach\u201c bedeutet. Der <strong>Ort<\/strong>, an dem sich das <strong>Haus<\/strong> befindet, ist historisch als \u201eGiafari-Viertel\u201c bekannt. In der N\u00e4he eines <strong>r\u00f6mischen Aqu\u00e4dukts<\/strong>, das die Stadt mit Wasser versorgte und immer noch versorgt. [\/vc_column_text][\/vc_column_inner][vc_column_inner width=&#8220;1\/2&#8243;][vc_column_text text_lead=&#8220;yes&#8220; uncode_shortcode_id=&#8220;406997&#8243;]Die N\u00e4he zur ionischen K\u00fcste und das nahe gelegene Wasser des Aqu\u00e4dukts inspirierten das <strong>Thema<\/strong> und den <strong>Stil<\/strong> von Casa Giafari.<\/p>\n<p>Umgeben von <strong>mediterranem Gr\u00fcn<\/strong> und Zedernb\u00e4umen und nur einen <strong>Steinwurf vom Zentrum<\/strong> Taorminas entfernt, bietet Casa Giafari ein ruhiges Domizil, das sich durch raffinierte <strong>Schlichtheit auszeichnet<\/strong>. [\/vc_column_text][\/vc_column_inner][\/vc_row_inner][vc_row_inner row_inner_height_percent=&#8220;0&#8243; overlay_alpha=&#8220;50&#8243; gutter_size=&#8220;3&#8243; shift_y=&#8220;0&#8243; z_index=&#8220;0&#8243; uncode_shortcode_id=&#8220;820240&#8243; el_class=&#8220;pt-64&#8243; limit_content=&#8220;&#8220;][vc_column_inner width=&#8220;1\/2&#8243;][vc_single_image media=&#8220;370&#8243; media_width_percent=&#8220;100&#8243; media_ratio=&#8220;one-one&#8220; alignment=&#8220;center&#8220; uncode_shortcode_id=&#8220;157567&#8243;][\/vc_column_inner][vc_column_inner column_width_percent=&#8220;100&#8243; position_vertical=&#8220;bottom&#8220; gutter_size=&#8220;3&#8243; overlay_alpha=&#8220;50&#8243; shift_x=&#8220;0&#8243; shift_y=&#8220;0&#8243; shift_y_down=&#8220;0&#8243; z_index=&#8220;0&#8243; medium_width=&#8220;0&#8243; mobile_width=&#8220;0&#8243; width=&#8220;1\/2&#8243; uncode_shortcode_id=&#8220;131464&#8243;][vc_column_text text_lead=&#8220;yes&#8220; uncode_shortcode_id=&#8220;176104&#8243;]<\/p>\n<h2>Die Innenr\u00e4ume<\/h2>\n<p><strong>Auf dem Anwesen haben<\/strong> die Architekten antike, aquatische und urbane <strong>Einfl\u00fcsse<\/strong> im Innen- und <strong>Au\u00dfenbereich<\/strong> von Casa Giafari in perfekter Harmonie kombiniert.<\/p>\n<p>Alle R\u00e4ume sind von einer <strong>mediterranen Atmosph\u00e4re<\/strong> erf\u00fcllt: Ruhe und ein kaleidoskopisches Gef\u00fchl werden durch <strong>nat\u00fcrliche Materialien<\/strong> und die Farben des Meeres vermittelt.<\/p>\n<p>Von den italienischen <strong>Terrakotta-Au\u00dfenwandfliesen<\/strong> im Fischgr\u00e4tmuster bis hin zur Blu Ponti-Kollektion entspricht jedes <strong>Element dem Reiseziel<\/strong> und dem <strong>modernen Lebensstil<\/strong> von Taormina.[\/vc_column_text][\/vc_column_inner][\/vc_row_inner][\/vc_column][\/vc_row][vc_row row_height_percent=&#8220;70&#8243; override_padding=&#8220;yes&#8220; h_padding=&#8220;2&#8243; top_padding=&#8220;0&#8243; bottom_padding=&#8220;0&#8243; back_image=&#8220;627&#8243; back_repeat=&#8220;no-repeat&#8220; back_position=&#8220;center bottom&#8220; overlay_alpha=&#8220;65&#8243; equal_height=&#8220;yes&#8220; gutter_size=&#8220;4&#8243; column_width_percent=&#8220;100&#8243; shift_y=&#8220;0&#8243; z_index=&#8220;0&#8243; uncode_shortcode_id=&#8220;191504&#8243; el_class=&#8220;about-negative_row&#8220; overlay_color_type=&#8220;uncode-solid&#8220; overlay_color_solid=&#8220;#000000&#8243;][vc_column column_width_percent=&#8220;100&#8243; position_vertical=&#8220;middle&#8220; gutter_size=&#8220;3&#8243; overlay_alpha=&#8220;50&#8243; shift_x=&#8220;0&#8243; shift_y=&#8220;0&#8243; shift_y_down=&#8220;0&#8243; z_index=&#8220;0&#8243; medium_width=&#8220;0&#8243; mobile_width=&#8220;0&#8243; width=&#8220;1\/2&#8243; uncode_shortcode_id=&#8220;708996&#8243;][vc_single_image media=&#8220;575&#8243; media_width_percent=&#8220;100&#8243; media_ratio=&#8220;one-one&#8220; uncode_shortcode_id=&#8220;162552&#8243;][\/vc_column][vc_column column_width_percent=&#8220;100&#8243; position_vertical=&#8220;middle&#8220; gutter_size=&#8220;3&#8243; overlay_alpha=&#8220;50&#8243; shift_x=&#8220;0&#8243; shift_y=&#8220;0&#8243; shift_y_down=&#8220;0&#8243; z_index=&#8220;0&#8243; medium_width=&#8220;0&#8243; mobile_width=&#8220;0&#8243; width=&#8220;1\/2&#8243; uncode_shortcode_id=&#8220;370190&#8243; el_id=&#8220;people&#8220;][vc_column_text text_lead=&#8220;yes&#8220; uncode_shortcode_id=&#8220;205131&#8243;]<\/p>\n<h2>Menschen<\/h2>\n<p><strong>Andrea<\/strong> und <strong>Salvatore<\/strong> sind die geschwisterliche Kraft hinter Giafari. Mit ihrer <strong>Leidenschaft f\u00fcr ihre Heimat<\/strong> und ihrem Engagement f\u00fcr die G\u00e4ste bilden sie das <strong>perfekte Team<\/strong>, um einen <strong>unvergesslichen Aufenthalt<\/strong> zu garantieren. [\/vc_column_text][\/vc_column][\/vc_row][vc_row row_height_percent=&#8220;0&#8243; override_padding=&#8220;yes&#8220; h_padding=&#8220;2&#8243; top_padding=&#8220;4&#8243; bottom_padding=&#8220;4&#8243; overlay_alpha=&#8220;50&#8243; gutter_size=&#8220;3&#8243; column_width_percent=&#8220;100&#8243; shift_y=&#8220;0&#8243; z_index=&#8220;0&#8243; uncode_shortcode_id=&#8220;926637&#8243;][vc_column width=&#8220;1\/1&#8243;][vc_row_inner limit_content=&#8220;&#8220;][vc_column_inner width=&#8220;1\/2&#8243;][vc_column_text text_lead=&#8220;yes&#8220; uncode_shortcode_id=&#8220;221172&#8243;]<\/p>\n<h3>Andrea Lo Giudice<\/h3>\n<p>Andrea ist in die Fu\u00dfstapfen seines <strong>Vaters Francesco<\/strong> getreten und hat sein Berufsleben in der <strong>Welt der Hotels<\/strong> und des <strong>Gastgewerbes<\/strong> verbracht.<\/p>\n<p>Er sammelte Erfahrungen in <strong>Luxushotels<\/strong> in England und sp\u00e4ter in Deutschland, wo er 8 Jahre lang lebte.<\/p>\n<p>Andrea \u00fcberwachte die Renovierung der Casa Giafari, w\u00e4hrend er seine <strong>Kenntnisse<\/strong> im Gastgewerbe im <strong>Four Seasons San Domenico Palace Hotel<\/strong> in Taormina weiter verfeinerte.<\/p>\n<p>[\/vc_column_text][\/vc_column_inner][vc_column_inner width=&#8220;1\/2&#8243;][vc_column_text text_lead=&#8220;yes&#8220; uncode_shortcode_id=&#8220;828579&#8243;]<\/p>\n<h3>Salvatore Lo Giudice<\/h3>\n<p>Salvatore ist der Gr\u00fcnder und Gesch\u00e4ftsf\u00fchrer von <a href=\"https:\/\/www.sicilylifestyle.com\/\" target=\"_blank\" rel=\"noopener\">Sicily Lifestyle<\/a>, einer anerkannten <strong>Destination Management Company<\/strong> mit Sitz in Taormina, die Kunden aus der ganzen Welt ein hohes Ma\u00df an pers\u00f6nlichem Service bietet.<\/p>\n<p>Salvatore und Andrea haben sich f\u00fcr das <strong>Projekt Casa Giafari<\/strong> zusammengetan, um den Traum von der Renovierung des <strong>Familienanwesens<\/strong> zu <strong>verwirklichen<\/strong> und <strong>G\u00e4sten<\/strong> aus aller Welt eine authentische und unvergessliche Sizilien-Erfahrung zu bieten.[\/vc_column_text][\/vc_column_inner][\/vc_row_inner][vc_row_inner row_inner_height_percent=&#8220;0&#8243; overlay_alpha=&#8220;50&#8243; equal_height=&#8220;yes&#8220; gutter_size=&#8220;3&#8243; shift_y=&#8220;0&#8243; z_index=&#8220;0&#8243; uncode_shortcode_id=&#8220;134473&#8243; el_class=&#8220;pt-64 inverti&#8220; limit_content=&#8220;&#8220;][vc_column_inner width=&#8220;1\/2&#8243;][vc_column_text text_lead=&#8220;yes&#8220; uncode_shortcode_id=&#8220;188845&#8243;]<\/p>\n<h3>Francesco &amp; Nina<\/h3>\n<p>Salvatore und Andrea liegt die Affinit\u00e4t zur Gastfreundschaft im Blut.<\/p>\n<p>Inspiriert wurden sie von ihrem verstorbenen <strong>Vater Francesco<\/strong>, der sein Leben dem <strong>Gastgewerbe<\/strong> gewidmet hat und seinen Kindern die Leidenschaft f\u00fcr <strong>diesen ehrenwerten Beruf vermittelte<\/strong>.<\/p>\n<p><strong>Nina<\/strong>, selbst eine ortsans\u00e4ssige Gesch\u00e4ftsfrau, er\u00f6ffnete ein beliebtes <strong>Modegesch\u00e4ft<\/strong> in der Stadt und setzte auf das Wachstum des Tourismus in Taormina.<\/p>\n<p><strong>Salvatore<\/strong> und <strong>Andrea<\/strong> haben Casa Giafari mit den <strong>Werten der Familie<\/strong>, der Nat\u00fcrlichkeit und der Gastfreundschaft, einer typisch <strong>s\u00fcditalienischen Lebensart<\/strong>, durchdrungen, die jeder Gast bei seinem Aufenthalt willkommen hei\u00dfen kann.[\/vc_column_text][\/vc_column_inner][vc_column_inner column_width_percent=&#8220;100&#8243; gutter_size=&#8220;3&#8243; back_image=&#8220;412&#8243; back_repeat=&#8220;no-repeat&#8220; back_position=&#8220;center center&#8220; overlay_alpha=&#8220;50&#8243; shift_x=&#8220;0&#8243; shift_y=&#8220;0&#8243; shift_y_down=&#8220;0&#8243; z_index=&#8220;0&#8243; medium_width=&#8220;0&#8243; mobile_width=&#8220;0&#8243; width=&#8220;1\/2&#8243; uncode_shortcode_id=&#8220;197400&#8243; back_size=&#8220;cover&#8220;][\/vc_column_inner][\/vc_row_inner][\/vc_column][\/vc_row]<\/p>\n<\/div>","protected":false},"excerpt":{"rendered":"<p>[vc_row row_height_percent=&#8220;0&#8243; override_padding=&#8220;yes&#8220; h_padding=&#8220;2&#8243; top_padding=&#8220;4&#8243; bottom_padding=&#8220;4&#8243; overlay_alpha=&#8220;50&#8243; gutter_size=&#8220;3&#8243; column_width_percent=&#8220;100&#8243; shift_y=&#8220;0&#8243; z_index=&#8220;0&#8243; uncode_shortcode_id=&#8220;783248&#8243;][vc_column width=&#8220;1\/1&#8243;][vc_single_image media=&#8220;1103&#8243; media_lightbox=&#8220;yes&#8220; media_width_percent=&#8220;100&#8243; media_ratio=&#8220;sixteen-nine&#8220; alignment=&#8220;center&#8220; uncode_shortcode_id=&#8220;649186&#8243; el_class=&#8220;do-square_img&#8220;][vc_row_inner [&hellip;]<\/p>\n","protected":false},"author":1,"featured_media":1220,"parent":0,"menu_order":0,"comment_status":"closed","ping_status":"closed","template":"","meta":{"footnotes":""},"class_list":["post-1218","page","type-page","status-publish","has-post-thumbnail","hentry"],"yoast_head":"<!-- This site is optimized with the Yoast SEO plugin v27.0 - https:\/\/yoast.com\/product\/yoast-seo-wordpress\/ -->\n<title>\u00dcber uns - Casa Giafari<\/title>\n<meta name=\"robots\" content=\"index, follow, max-snippet:-1, max-image-preview:large, max-video-preview:-1\" \/>\n<link rel=\"canonical\" href=\"https:\/\/www.giafaritaormina.com\/de\/ueber-uns\/\" \/>\n<meta property=\"og:locale\" content=\"de_DE\" \/>\n<meta property=\"og:type\" content=\"article\" \/>\n<meta property=\"og:title\" content=\"\u00dcber uns - Casa Giafari\" \/>\n<meta property=\"og:description\" content=\"[vc_row row_height_percent=&#8220;0&#8243; override_padding=&#8220;yes&#8220; h_padding=&#8220;2&#8243; top_padding=&#8220;4&#8243; bottom_padding=&#8220;4&#8243; overlay_alpha=&#8220;50&#8243; gutter_size=&#8220;3&#8243; column_width_percent=&#8220;100&#8243; shift_y=&#8220;0&#8243; z_index=&#8220;0&#8243; uncode_shortcode_id=&#8220;783248&#8243;][vc_column width=&#8220;1\/1&#8243;][vc_single_image media=&#8220;1103&#8243; media_lightbox=&#8220;yes&#8220; media_width_percent=&#8220;100&#8243; media_ratio=&#8220;sixteen-nine&#8220; alignment=&#8220;center&#8220; uncode_shortcode_id=&#8220;649186&#8243; el_class=&#8220;do-square_img&#8220;][vc_row_inner [&hellip;]\" \/>\n<meta property=\"og:url\" content=\"https:\/\/www.giafaritaormina.com\/de\/ueber-uns\/\" \/>\n<meta property=\"og:site_name\" content=\"Casa Giafari\" \/>\n<meta property=\"article:modified_time\" content=\"2024-05-14T08:44:54+00:00\" \/>\n<meta property=\"og:image\" content=\"https:\/\/www.giafaritaormina.com\/wp-content\/uploads\/2022\/07\/second-floor-apartment-interior-6.jpg\" \/>\n\t<meta property=\"og:image:width\" content=\"1920\" \/>\n\t<meta property=\"og:image:height\" content=\"897\" \/>\n\t<meta property=\"og:image:type\" content=\"image\/jpeg\" \/>\n<meta name=\"twitter:card\" content=\"summary_large_image\" \/>\n<meta name=\"twitter:label1\" content=\"Gesch\u00e4tzte Lesezeit\" \/>\n\t<meta name=\"twitter:data1\" content=\"3\u00a0Minuten\" \/>\n<script type=\"application\/ld+json\" class=\"yoast-schema-graph\">{\"@context\":\"https:\/\/schema.org\",\"@graph\":[{\"@type\":\"WebPage\",\"@id\":\"https:\/\/www.giafaritaormina.com\/de\/ueber-uns\/\",\"url\":\"https:\/\/www.giafaritaormina.com\/de\/ueber-uns\/\",\"name\":\"\u00dcber uns - Casa Giafari\",\"isPartOf\":{\"@id\":\"https:\/\/www.giafaritaormina.com\/de\/#website\"},\"primaryImageOfPage\":{\"@id\":\"https:\/\/www.giafaritaormina.com\/de\/ueber-uns\/#primaryimage\"},\"image\":{\"@id\":\"https:\/\/www.giafaritaormina.com\/de\/ueber-uns\/#primaryimage\"},\"thumbnailUrl\":\"https:\/\/www.giafaritaormina.com\/wp-content\/uploads\/2022\/07\/second-floor-apartment-interior-6.jpg\",\"datePublished\":\"2022-06-20T07:50:05+00:00\",\"dateModified\":\"2024-05-14T08:44:54+00:00\",\"breadcrumb\":{\"@id\":\"https:\/\/www.giafaritaormina.com\/de\/ueber-uns\/#breadcrumb\"},\"inLanguage\":\"de\",\"potentialAction\":[{\"@type\":\"ReadAction\",\"target\":[\"https:\/\/www.giafaritaormina.com\/de\/ueber-uns\/\"]}]},{\"@type\":\"ImageObject\",\"inLanguage\":\"de\",\"@id\":\"https:\/\/www.giafaritaormina.com\/de\/ueber-uns\/#primaryimage\",\"url\":\"https:\/\/www.giafaritaormina.com\/wp-content\/uploads\/2022\/07\/second-floor-apartment-interior-6.jpg\",\"contentUrl\":\"https:\/\/www.giafaritaormina.com\/wp-content\/uploads\/2022\/07\/second-floor-apartment-interior-6.jpg\",\"width\":1920,\"height\":897},{\"@type\":\"BreadcrumbList\",\"@id\":\"https:\/\/www.giafaritaormina.com\/de\/ueber-uns\/#breadcrumb\",\"itemListElement\":[{\"@type\":\"ListItem\",\"position\":1,\"name\":\"Home\",\"item\":\"https:\/\/www.giafaritaormina.com\/de\/\"},{\"@type\":\"ListItem\",\"position\":2,\"name\":\"\u00dcber uns\"}]},{\"@type\":\"WebSite\",\"@id\":\"https:\/\/www.giafaritaormina.com\/de\/#website\",\"url\":\"https:\/\/www.giafaritaormina.com\/de\/\",\"name\":\"Casa Giafari\",\"description\":\"Dream place Taormina\",\"publisher\":{\"@id\":\"https:\/\/www.giafaritaormina.com\/de\/#organization\"},\"potentialAction\":[{\"@type\":\"SearchAction\",\"target\":{\"@type\":\"EntryPoint\",\"urlTemplate\":\"https:\/\/www.giafaritaormina.com\/de\/?s={search_term_string}\"},\"query-input\":{\"@type\":\"PropertyValueSpecification\",\"valueRequired\":true,\"valueName\":\"search_term_string\"}}],\"inLanguage\":\"de\"},{\"@type\":\"Organization\",\"@id\":\"https:\/\/www.giafaritaormina.com\/de\/#organization\",\"name\":\"CASA GIAFARI\",\"url\":\"https:\/\/www.giafaritaormina.com\/de\/\",\"logo\":{\"@type\":\"ImageObject\",\"inLanguage\":\"de\",\"@id\":\"https:\/\/www.giafaritaormina.com\/de\/#\/schema\/logo\/image\/\",\"url\":\"https:\/\/www.giafaritaormina.com\/wp-content\/uploads\/2022\/07\/logo-casa-giafari-colori.png\",\"contentUrl\":\"https:\/\/www.giafaritaormina.com\/wp-content\/uploads\/2022\/07\/logo-casa-giafari-colori.png\",\"width\":2472,\"height\":2486,\"caption\":\"CASA GIAFARI\"},\"image\":{\"@id\":\"https:\/\/www.giafaritaormina.com\/de\/#\/schema\/logo\/image\/\"},\"sameAs\":[\"https:\/\/www.instagram.com\/giafaritaormina\/\"]}]}<\/script>\n<!-- \/ Yoast SEO plugin. -->","yoast_head_json":{"title":"\u00dcber uns - Casa Giafari","robots":{"index":"index","follow":"follow","max-snippet":"max-snippet:-1","max-image-preview":"max-image-preview:large","max-video-preview":"max-video-preview:-1"},"canonical":"https:\/\/www.giafaritaormina.com\/de\/ueber-uns\/","og_locale":"de_DE","og_type":"article","og_title":"\u00dcber uns - Casa Giafari","og_description":"[vc_row row_height_percent=&#8220;0&#8243; override_padding=&#8220;yes&#8220; h_padding=&#8220;2&#8243; top_padding=&#8220;4&#8243; bottom_padding=&#8220;4&#8243; overlay_alpha=&#8220;50&#8243; gutter_size=&#8220;3&#8243; column_width_percent=&#8220;100&#8243; shift_y=&#8220;0&#8243; z_index=&#8220;0&#8243; uncode_shortcode_id=&#8220;783248&#8243;][vc_column width=&#8220;1\/1&#8243;][vc_single_image media=&#8220;1103&#8243; media_lightbox=&#8220;yes&#8220; media_width_percent=&#8220;100&#8243; media_ratio=&#8220;sixteen-nine&#8220; alignment=&#8220;center&#8220; uncode_shortcode_id=&#8220;649186&#8243; el_class=&#8220;do-square_img&#8220;][vc_row_inner [&hellip;]","og_url":"https:\/\/www.giafaritaormina.com\/de\/ueber-uns\/","og_site_name":"Casa Giafari","article_modified_time":"2024-05-14T08:44:54+00:00","og_image":[{"width":1920,"height":897,"url":"https:\/\/www.giafaritaormina.com\/wp-content\/uploads\/2022\/07\/second-floor-apartment-interior-6.jpg","type":"image\/jpeg"}],"twitter_card":"summary_large_image","twitter_misc":{"Gesch\u00e4tzte Lesezeit":"3\u00a0Minuten"},"schema":{"@context":"https:\/\/schema.org","@graph":[{"@type":"WebPage","@id":"https:\/\/www.giafaritaormina.com\/de\/ueber-uns\/","url":"https:\/\/www.giafaritaormina.com\/de\/ueber-uns\/","name":"\u00dcber uns - Casa Giafari","isPartOf":{"@id":"https:\/\/www.giafaritaormina.com\/de\/#website"},"primaryImageOfPage":{"@id":"https:\/\/www.giafaritaormina.com\/de\/ueber-uns\/#primaryimage"},"image":{"@id":"https:\/\/www.giafaritaormina.com\/de\/ueber-uns\/#primaryimage"},"thumbnailUrl":"https:\/\/www.giafaritaormina.com\/wp-content\/uploads\/2022\/07\/second-floor-apartment-interior-6.jpg","datePublished":"2022-06-20T07:50:05+00:00","dateModified":"2024-05-14T08:44:54+00:00","breadcrumb":{"@id":"https:\/\/www.giafaritaormina.com\/de\/ueber-uns\/#breadcrumb"},"inLanguage":"de","potentialAction":[{"@type":"ReadAction","target":["https:\/\/www.giafaritaormina.com\/de\/ueber-uns\/"]}]},{"@type":"ImageObject","inLanguage":"de","@id":"https:\/\/www.giafaritaormina.com\/de\/ueber-uns\/#primaryimage","url":"https:\/\/www.giafaritaormina.com\/wp-content\/uploads\/2022\/07\/second-floor-apartment-interior-6.jpg","contentUrl":"https:\/\/www.giafaritaormina.com\/wp-content\/uploads\/2022\/07\/second-floor-apartment-interior-6.jpg","width":1920,"height":897},{"@type":"BreadcrumbList","@id":"https:\/\/www.giafaritaormina.com\/de\/ueber-uns\/#breadcrumb","itemListElement":[{"@type":"ListItem","position":1,"name":"Home","item":"https:\/\/www.giafaritaormina.com\/de\/"},{"@type":"ListItem","position":2,"name":"\u00dcber uns"}]},{"@type":"WebSite","@id":"https:\/\/www.giafaritaormina.com\/de\/#website","url":"https:\/\/www.giafaritaormina.com\/de\/","name":"Casa Giafari","description":"Dream place Taormina","publisher":{"@id":"https:\/\/www.giafaritaormina.com\/de\/#organization"},"potentialAction":[{"@type":"SearchAction","target":{"@type":"EntryPoint","urlTemplate":"https:\/\/www.giafaritaormina.com\/de\/?s={search_term_string}"},"query-input":{"@type":"PropertyValueSpecification","valueRequired":true,"valueName":"search_term_string"}}],"inLanguage":"de"},{"@type":"Organization","@id":"https:\/\/www.giafaritaormina.com\/de\/#organization","name":"CASA GIAFARI","url":"https:\/\/www.giafaritaormina.com\/de\/","logo":{"@type":"ImageObject","inLanguage":"de","@id":"https:\/\/www.giafaritaormina.com\/de\/#\/schema\/logo\/image\/","url":"https:\/\/www.giafaritaormina.com\/wp-content\/uploads\/2022\/07\/logo-casa-giafari-colori.png","contentUrl":"https:\/\/www.giafaritaormina.com\/wp-content\/uploads\/2022\/07\/logo-casa-giafari-colori.png","width":2472,"height":2486,"caption":"CASA GIAFARI"},"image":{"@id":"https:\/\/www.giafaritaormina.com\/de\/#\/schema\/logo\/image\/"},"sameAs":["https:\/\/www.instagram.com\/giafaritaormina\/"]}]}},"_links":{"self":[{"href":"https:\/\/www.giafaritaormina.com\/de\/wp-json\/wp\/v2\/pages\/1218","targetHints":{"allow":["GET"]}}],"collection":[{"href":"https:\/\/www.giafaritaormina.com\/de\/wp-json\/wp\/v2\/pages"}],"about":[{"href":"https:\/\/www.giafaritaormina.com\/de\/wp-json\/wp\/v2\/types\/page"}],"author":[{"embeddable":true,"href":"https:\/\/www.giafaritaormina.com\/de\/wp-json\/wp\/v2\/users\/1"}],"replies":[{"embeddable":true,"href":"https:\/\/www.giafaritaormina.com\/de\/wp-json\/wp\/v2\/comments?post=1218"}],"version-history":[{"count":7,"href":"https:\/\/www.giafaritaormina.com\/de\/wp-json\/wp\/v2\/pages\/1218\/revisions"}],"predecessor-version":[{"id":1228,"href":"https:\/\/www.giafaritaormina.com\/de\/wp-json\/wp\/v2\/pages\/1218\/revisions\/1228"}],"wp:featuredmedia":[{"embeddable":true,"href":"https:\/\/www.giafaritaormina.com\/de\/wp-json\/wp\/v2\/media\/1220"}],"wp:attachment":[{"href":"https:\/\/www.giafaritaormina.com\/de\/wp-json\/wp\/v2\/media?parent=1218"}],"curies":[{"name":"wp","href":"https:\/\/api.w.org\/{rel}","templated":true}]}}