{"id":1852,"date":"2025-02-07T10:16:38","date_gmt":"2025-02-07T09:16:38","guid":{"rendered":"https:\/\/www.giafaritaormina.com\/arrival-by-car\/"},"modified":"2025-03-06T11:02:39","modified_gmt":"2025-03-06T10:02:39","slug":"arrivo-in-auto","status":"publish","type":"page","link":"https:\/\/www.giafaritaormina.com\/it\/arrivo-in-auto\/","title":{"rendered":"Arrivo in Auto"},"content":{"rendered":"<div class=\"wpb-content-wrapper\"><p>[vc_row row_height_percent=&#8221;0&#8243; override_padding=&#8221;yes&#8221; h_padding=&#8221;2&#8243; top_padding=&#8221;4&#8243; bottom_padding=&#8221;0&#8243; overlay_alpha=&#8221;50&#8243; gutter_size=&#8221;3&#8243; column_width_percent=&#8221;100&#8243; shift_y=&#8221;0&#8243; z_index=&#8221;0&#8243; uncode_shortcode_id=&#8221;128908&#8243;][vc_column column_width_percent=&#8221;100&#8243; position_vertical=&#8221;middle&#8221; align_horizontal=&#8221;align_center&#8221; gutter_size=&#8221;3&#8243; overlay_alpha=&#8221;50&#8243; shift_x=&#8221;0&#8243; shift_y=&#8221;0&#8243; shift_y_down=&#8221;0&#8243; z_index=&#8221;0&#8243; medium_width=&#8221;0&#8243; mobile_width=&#8221;0&#8243; width=&#8221;1\/1&#8243; uncode_shortcode_id=&#8221;135691&#8243;][vc_custom_heading text_color=&#8221;color-112279&#8243; heading_semantic=&#8221;h3&#8243; text_size=&#8221;h3&#8243; text_weight=&#8221;600&#8243; uncode_shortcode_id=&#8221;146285&#8243; text_color_type=&#8221;uncode-palette&#8221;]Parcheggiare a Taormina[\/vc_custom_heading][\/vc_column][\/vc_row][vc_row row_height_percent=&#8221;0&#8243; override_padding=&#8221;yes&#8221; h_padding=&#8221;0&#8243; top_padding=&#8221;0&#8243; bottom_padding=&#8221;0&#8243; overlay_alpha=&#8221;50&#8243; gutter_size=&#8221;3&#8243; column_width_percent=&#8221;100&#8243; shift_y=&#8221;0&#8243; z_index=&#8221;0&#8243; uncode_shortcode_id=&#8221;136569&#8243;][vc_column width=&#8221;1\/1&#8243;][vc_empty_space empty_h=&#8221;3&#8243; medium_visibility=&#8221;yes&#8221; mobile_visibility=&#8221;yes&#8221;][vc_empty_space empty_h=&#8221;2&#8243; desktop_visibility=&#8221;yes&#8221;][\/vc_column][\/vc_row][vc_row row_height_percent=&#8221;0&#8243; override_padding=&#8221;yes&#8221; h_padding=&#8221;2&#8243; top_padding=&#8221;0&#8243; bottom_padding=&#8221;4&#8243; overlay_alpha=&#8221;50&#8243; gutter_size=&#8221;4&#8243; column_width_percent=&#8221;100&#8243; shift_y=&#8221;0&#8243; z_index=&#8221;0&#8243; uncode_shortcode_id=&#8221;196718&#8243;][vc_column width=&#8221;1\/1&#8243;][vc_row_inner row_inner_height_percent=&#8221;0&#8243; overlay_alpha=&#8221;50&#8243; equal_height=&#8221;yes&#8221; gutter_size=&#8221;4&#8243; shift_y=&#8221;0&#8243; z_index=&#8221;0&#8243; uncode_shortcode_id=&#8221;117876&#8243; limit_content=&#8221;&#8221;][vc_column_inner column_width_percent=&#8221;100&#8243; position_vertical=&#8221;middle&#8221; gutter_size=&#8221;3&#8243; overlay_alpha=&#8221;50&#8243; shift_x=&#8221;0&#8243; shift_y=&#8221;0&#8243; shift_y_down=&#8221;0&#8243; z_index=&#8221;0&#8243; medium_width=&#8221;0&#8243; mobile_width=&#8221;0&#8243; width=&#8221;1\/2&#8243; uncode_shortcode_id=&#8221;441873&#8243;][vc_column_text uncode_shortcode_id=&#8221;905886&#8243;]<\/p>\n<address>Il pi\u00f9 vicino alla struttura \u00e8 il <span style=\"color: #8697aa;\"><strong>Parcheggio Lumbi<\/strong><\/span> ubicato in Via Mario e Nicola Garipoli, 98039 Taormina (ME)<\/address>\n<p>[\/vc_column_text][vc_column_text text_lead=&#8221;yes&#8221; uncode_shortcode_id=&#8221;861575&#8243;]Dal <strong>Parcheggio Lumbi<\/strong>, per raggiungere <strong>Casa Giafari<\/strong>, bisogna prendere un bus navetta gratuito che vi porter\u00e0 in centro, a <strong>Porta Messina<\/strong>, da l\u00ec avrete circa<strong> 5 minuti<\/strong> a piedi per raggiungerci.[\/vc_column_text][vc_column_text text_lead=&#8221;yes&#8221; uncode_shortcode_id=&#8221;628618&#8243;]<\/p>\n<ul class=\"lista-servizi\">\n<li>Il costo del parcheggio \u00e8 circa <strong>24\u20ac<\/strong> al giorno (il costo varia in base alla stagionalit\u00e0 e nei festivi).<\/li>\n<\/ul>\n<p>[\/vc_column_text][\/vc_column_inner][vc_column_inner width=&#8221;1\/2&#8243;][vc_gmaps latlon=&#8221;37.8593794,15.2886702&#8243; map_color=&#8221;&#8221; ui_color=&#8221;&#8221; zoom=&#8221;14&#8243; map_saturation=&#8221;-20&#8243; map_brightness=&#8221;5&#8243; uncode_shortcode_id=&#8221;174717&#8243;][\/vc_column_inner][\/vc_row_inner][vc_empty_space empty_h=&#8221;2&#8243; desktop_visibility=&#8221;yes&#8221;][vc_row_inner row_inner_height_percent=&#8221;0&#8243; overlay_alpha=&#8221;50&#8243; equal_height=&#8221;yes&#8221; gutter_size=&#8221;4&#8243; shift_y=&#8221;0&#8243; z_index=&#8221;0&#8243; inverted_device_order=&#8221;yes&#8221; uncode_shortcode_id=&#8221;555929&#8243; limit_content=&#8221;&#8221;][vc_column_inner column_width_percent=&#8221;100&#8243; position_vertical=&#8221;middle&#8221; gutter_size=&#8221;3&#8243; overlay_alpha=&#8221;50&#8243; shift_x=&#8221;0&#8243; shift_y=&#8221;0&#8243; shift_y_down=&#8221;0&#8243; z_index=&#8221;0&#8243; medium_width=&#8221;0&#8243; mobile_width=&#8221;0&#8243; width=&#8221;1\/2&#8243; uncode_shortcode_id=&#8221;469359&#8243;][vc_gmaps latlon=&#8221;37.8498058,15.2793743&#8243; map_color=&#8221;&#8221; ui_color=&#8221;&#8221; zoom=&#8221;14&#8243; map_saturation=&#8221;-20&#8243; map_brightness=&#8221;5&#8243; uncode_shortcode_id=&#8221;341054&#8243;][\/vc_column_inner][vc_column_inner column_width_percent=&#8221;100&#8243; position_vertical=&#8221;middle&#8221; gutter_size=&#8221;3&#8243; overlay_alpha=&#8221;50&#8243; shift_x=&#8221;0&#8243; shift_y=&#8221;0&#8243; shift_y_down=&#8221;0&#8243; z_index=&#8221;0&#8243; medium_width=&#8221;0&#8243; mobile_width=&#8221;0&#8243; width=&#8221;1\/2&#8243; uncode_shortcode_id=&#8221;867426&#8243;][vc_column_text uncode_shortcode_id=&#8221;121237&#8243;]<\/p>\n<address>Il secondo parcheggio pubblico \u00e8 il <span style=\"color: #8697aa;\"><strong>Porta Catania<\/strong><\/span>, ubicato in Via Crocefisso, 98039 Taormina (ME).<\/address>\n<p>[\/vc_column_text][vc_column_text text_lead=&#8221;yes&#8221; uncode_shortcode_id=&#8221;910188&#8243;]Dal <strong>parcheggio Porta Catania<\/strong> non \u00e8 necessario prendere una navetta per raggiungere il centro, ma dovrete percorrere tutta la via principale <strong>Corso Umberto<\/strong> a piedi.[\/vc_column_text][vc_column_text text_lead=&#8221;yes&#8221; uncode_shortcode_id=&#8221;206299&#8243;]<\/p>\n<ul class=\"lista-servizi\">\n<li>Il costo del parcheggio \u00e8 circa <strong>25\u20ac<\/strong> al giorno (il costo varia in base alla stagionalit\u00e0 e nei festivi).<\/li>\n<\/ul>\n<p>[\/vc_column_text][\/vc_column_inner][\/vc_row_inner][\/vc_column][\/vc_row][vc_row row_height_percent=&#8221;0&#8243; override_padding=&#8221;yes&#8221; h_padding=&#8221;2&#8243; top_padding=&#8221;4&#8243; bottom_padding=&#8221;4&#8243; back_color=&#8221;color-144652&#8243; overlay_alpha=&#8221;50&#8243; gutter_size=&#8221;3&#8243; column_width_percent=&#8221;100&#8243; shift_y=&#8221;0&#8243; z_index=&#8221;0&#8243; uncode_shortcode_id=&#8221;173153&#8243; back_color_type=&#8221;uncode-palette&#8221;][vc_column width=&#8221;1\/1&#8243;][vc_custom_heading text_color=&#8221;color-112279&#8243; heading_semantic=&#8221;h3&#8243; text_size=&#8221;h3&#8243; text_weight=&#8221;600&#8243; uncode_shortcode_id=&#8221;213885&#8243; text_color_type=&#8221;uncode-palette&#8221; el_class=&#8221;text-center&#8221;]Servizio di Valet Parking[\/vc_custom_heading][vc_empty_space empty_h=&#8221;2&#8243;][vc_row_inner row_inner_height_percent=&#8221;0&#8243; overlay_alpha=&#8221;50&#8243; equal_height=&#8221;yes&#8221; gutter_size=&#8221;4&#8243; shift_y=&#8221;0&#8243; z_index=&#8221;0&#8243; uncode_shortcode_id=&#8221;124477&#8243; limit_content=&#8221;&#8221;][vc_column_inner width=&#8221;1\/2&#8243;][vc_column_text text_lead=&#8221;yes&#8221; uncode_shortcode_id=&#8221;137999&#8243;]Questa soluzione vi permette di guidare direttamente fino alla base di <strong>Salita Giafari<\/strong>. Uno dei nostri fidati collaboratori ritirer\u00e0 e parchegger\u00e0 la vostra auto in un parcheggio privato e sicuro. Se desiderate utilizzare l&#8217;auto durante il vostro soggiorno, \u00e8 sufficiente avvisarci con <strong>45 minuti di anticipo<\/strong> e vi consegneremo il veicolo nello stesso luogo all&#8217;ora da voi richiesta.[\/vc_column_text][\/vc_column_inner][vc_column_inner width=&#8221;1\/2&#8243;][vc_column_text text_lead=&#8221;yes&#8221; uncode_shortcode_id=&#8221;143872&#8243;]<\/p>\n<ul class=\"lista-servizi\">\n<li>Questo servizio \u00e8 disponibile tutti i giorni dalle 8:00 alle 20:00 a una tariffa di <strong>35\u20ac<\/strong> al giorno per le auto e di <strong>60\u20ac<\/strong> al giorno per i minivan.<\/li>\n<li>Gli arrivi e le partenze tra le 20:00 e le 8:00 sono soggetti a disponibilit\u00e0 e a un supplemento di <strong>10\u20ac<\/strong>.<\/li>\n<li>Se desiderate usufruire di questo servizio, vi preghiamo di informarci in anticipo, entro <strong>48 ore<\/strong> dal vostro arrivo, per verificare la disponibilit\u00e0 del servizio.<\/li>\n<\/ul>\n<p>[\/vc_column_text][\/vc_column_inner][\/vc_row_inner][vc_empty_space empty_h=&#8221;1&#8243;][vc_row_inner row_inner_height_percent=&#8221;0&#8243; overlay_alpha=&#8221;50&#8243; equal_height=&#8221;yes&#8221; gutter_size=&#8221;3&#8243; shift_y=&#8221;0&#8243; z_index=&#8221;0&#8243; uncode_shortcode_id=&#8221;120071&#8243; limit_content=&#8221;&#8221;][vc_column_inner width=&#8221;1\/1&#8243;][vc_column_text text_lead=&#8221;small&#8221; uncode_shortcode_id=&#8221;605857&#8243;]<\/p>\n<h4 class=\"text-center\">Dichiarazione di non responsabilit\u00e0<\/h4>\n<p>Si prega di notare che questo servizio \u00e8 gestito da una societ\u00e0 esterna, <em>A.g.l. Solutions<\/em>. Non ci assumiamo la responsabilit\u00e0 di eventuali danni al vostro veicolo. Nell&#8217;improbabile caso di danni, s<strong>i prega di contattare direttamente il fornitore del servizio<\/strong>. All&#8217;arrivo, il parcheggiatore ispezioner\u00e0 attentamente il vostro veicolo, annotando eventuali danni preesistenti e scattando fotografie a scopo di documentazione.[\/vc_column_text][\/vc_column_inner][\/vc_row_inner][\/vc_column][\/vc_row][vc_row unlock_row_content=&#8221;yes&#8221; row_height_percent=&#8221;0&#8243; back_image=&#8221;59&#8243; back_repeat=&#8221;repeat&#8221; back_position=&#8221;left top&#8221; overlay_alpha=&#8221;50&#8243; gutter_size=&#8221;3&#8243; column_width_percent=&#8221;100&#8243; shift_y=&#8221;0&#8243; z_index=&#8221;0&#8243; uncode_shortcode_id=&#8221;583449&#8243; back_size=&#8221;auto&#8221;][vc_column width=&#8221;1\/1&#8243;][vc_empty_space empty_h=&#8221;2&#8243;][\/vc_column][\/vc_row]<\/p>\n<\/div>","protected":false},"excerpt":{"rendered":"<p>[vc_row row_height_percent=&#8221;0&#8243; override_padding=&#8221;yes&#8221; h_padding=&#8221;2&#8243; top_padding=&#8221;4&#8243; bottom_padding=&#8221;0&#8243; overlay_alpha=&#8221;50&#8243; gutter_size=&#8221;3&#8243; column_width_percent=&#8221;100&#8243; shift_y=&#8221;0&#8243; z_index=&#8221;0&#8243; uncode_shortcode_id=&#8221;128908&#8243;][vc_column column_width_percent=&#8221;100&#8243; position_vertical=&#8221;middle&#8221; align_horizontal=&#8221;align_center&#8221; gutter_size=&#8221;3&#8243; overlay_alpha=&#8221;50&#8243; shift_x=&#8221;0&#8243; shift_y=&#8221;0&#8243; shift_y_down=&#8221;0&#8243; [&hellip;]<\/p>\n","protected":false},"author":6,"featured_media":1805,"parent":0,"menu_order":0,"comment_status":"closed","ping_status":"closed","template":"","meta":{"footnotes":""},"class_list":["post-1852","page","type-page","status-publish","has-post-thumbnail","hentry"],"yoast_head":"<!-- This site is optimized with the Yoast SEO plugin v27.0 - https:\/\/yoast.com\/product\/yoast-seo-wordpress\/ -->\n<title>Arrivo in Auto - Casa Giafari<\/title>\n<meta name=\"robots\" content=\"noindex, nofollow\" \/>\n<meta property=\"og:locale\" content=\"it_IT\" \/>\n<meta property=\"og:type\" content=\"article\" \/>\n<meta property=\"og:title\" content=\"Arrivo in Auto - Casa Giafari\" \/>\n<meta property=\"og:description\" content=\"[vc_row row_height_percent=&#8221;0&#8243; override_padding=&#8221;yes&#8221; h_padding=&#8221;2&#8243; top_padding=&#8221;4&#8243; bottom_padding=&#8221;0&#8243; overlay_alpha=&#8221;50&#8243; gutter_size=&#8221;3&#8243; column_width_percent=&#8221;100&#8243; shift_y=&#8221;0&#8243; z_index=&#8221;0&#8243; uncode_shortcode_id=&#8221;128908&#8243;][vc_column column_width_percent=&#8221;100&#8243; position_vertical=&#8221;middle&#8221; align_horizontal=&#8221;align_center&#8221; gutter_size=&#8221;3&#8243; overlay_alpha=&#8221;50&#8243; shift_x=&#8221;0&#8243; shift_y=&#8221;0&#8243; shift_y_down=&#8221;0&#8243; [&hellip;]\" \/>\n<meta property=\"og:url\" content=\"https:\/\/www.giafaritaormina.com\/it\/arrivo-in-auto\/\" \/>\n<meta property=\"og:site_name\" content=\"Casa Giafari\" \/>\n<meta property=\"article:modified_time\" content=\"2025-03-06T10:02:39+00:00\" \/>\n<meta property=\"og:image\" content=\"https:\/\/www.giafaritaormina.com\/wp-content\/uploads\/2025\/02\/travel-by-car-heading-wide.jpg\" \/>\n\t<meta property=\"og:image:width\" content=\"1920\" \/>\n\t<meta property=\"og:image:height\" content=\"800\" \/>\n\t<meta property=\"og:image:type\" content=\"image\/jpeg\" \/>\n<meta name=\"twitter:card\" content=\"summary_large_image\" \/>\n<meta name=\"twitter:label1\" content=\"Tempo di lettura stimato\" \/>\n\t<meta name=\"twitter:data1\" content=\"3 minuti\" \/>\n<script type=\"application\/ld+json\" class=\"yoast-schema-graph\">{\"@context\":\"https:\/\/schema.org\",\"@graph\":[{\"@type\":\"WebPage\",\"@id\":\"https:\/\/www.giafaritaormina.com\/it\/arrivo-in-auto\/\",\"url\":\"https:\/\/www.giafaritaormina.com\/it\/arrivo-in-auto\/\",\"name\":\"Arrivo in Auto - Casa Giafari\",\"isPartOf\":{\"@id\":\"https:\/\/www.giafaritaormina.com\/it\/#website\"},\"primaryImageOfPage\":{\"@id\":\"https:\/\/www.giafaritaormina.com\/it\/arrivo-in-auto\/#primaryimage\"},\"image\":{\"@id\":\"https:\/\/www.giafaritaormina.com\/it\/arrivo-in-auto\/#primaryimage\"},\"thumbnailUrl\":\"https:\/\/www.giafaritaormina.com\/wp-content\/uploads\/2025\/02\/travel-by-car-heading-wide.jpg\",\"datePublished\":\"2025-02-07T09:16:38+00:00\",\"dateModified\":\"2025-03-06T10:02:39+00:00\",\"breadcrumb\":{\"@id\":\"https:\/\/www.giafaritaormina.com\/it\/arrivo-in-auto\/#breadcrumb\"},\"inLanguage\":\"it-IT\",\"potentialAction\":[{\"@type\":\"ReadAction\",\"target\":[\"https:\/\/www.giafaritaormina.com\/it\/arrivo-in-auto\/\"]}]},{\"@type\":\"ImageObject\",\"inLanguage\":\"it-IT\",\"@id\":\"https:\/\/www.giafaritaormina.com\/it\/arrivo-in-auto\/#primaryimage\",\"url\":\"https:\/\/www.giafaritaormina.com\/wp-content\/uploads\/2025\/02\/travel-by-car-heading-wide.jpg\",\"contentUrl\":\"https:\/\/www.giafaritaormina.com\/wp-content\/uploads\/2025\/02\/travel-by-car-heading-wide.jpg\",\"width\":1920,\"height\":800},{\"@type\":\"BreadcrumbList\",\"@id\":\"https:\/\/www.giafaritaormina.com\/it\/arrivo-in-auto\/#breadcrumb\",\"itemListElement\":[{\"@type\":\"ListItem\",\"position\":1,\"name\":\"Home\",\"item\":\"https:\/\/www.giafaritaormina.com\/it\/\"},{\"@type\":\"ListItem\",\"position\":2,\"name\":\"Arrivo in Auto\"}]},{\"@type\":\"WebSite\",\"@id\":\"https:\/\/www.giafaritaormina.com\/it\/#website\",\"url\":\"https:\/\/www.giafaritaormina.com\/it\/\",\"name\":\"Casa Giafari\",\"description\":\"Dream place Taormina\",\"publisher\":{\"@id\":\"https:\/\/www.giafaritaormina.com\/it\/#organization\"},\"potentialAction\":[{\"@type\":\"SearchAction\",\"target\":{\"@type\":\"EntryPoint\",\"urlTemplate\":\"https:\/\/www.giafaritaormina.com\/it\/?s={search_term_string}\"},\"query-input\":{\"@type\":\"PropertyValueSpecification\",\"valueRequired\":true,\"valueName\":\"search_term_string\"}}],\"inLanguage\":\"it-IT\"},{\"@type\":\"Organization\",\"@id\":\"https:\/\/www.giafaritaormina.com\/it\/#organization\",\"name\":\"CASA GIAFARI\",\"url\":\"https:\/\/www.giafaritaormina.com\/it\/\",\"logo\":{\"@type\":\"ImageObject\",\"inLanguage\":\"it-IT\",\"@id\":\"https:\/\/www.giafaritaormina.com\/it\/#\/schema\/logo\/image\/\",\"url\":\"https:\/\/www.giafaritaormina.com\/wp-content\/uploads\/2022\/07\/logo-casa-giafari-colori.png\",\"contentUrl\":\"https:\/\/www.giafaritaormina.com\/wp-content\/uploads\/2022\/07\/logo-casa-giafari-colori.png\",\"width\":2472,\"height\":2486,\"caption\":\"CASA GIAFARI\"},\"image\":{\"@id\":\"https:\/\/www.giafaritaormina.com\/it\/#\/schema\/logo\/image\/\"},\"sameAs\":[\"https:\/\/www.instagram.com\/giafaritaormina\/\"]}]}<\/script>\n<!-- \/ Yoast SEO plugin. -->","yoast_head_json":{"title":"Arrivo in Auto - Casa Giafari","robots":{"index":"noindex","follow":"nofollow"},"og_locale":"it_IT","og_type":"article","og_title":"Arrivo in Auto - Casa Giafari","og_description":"[vc_row row_height_percent=&#8221;0&#8243; override_padding=&#8221;yes&#8221; h_padding=&#8221;2&#8243; top_padding=&#8221;4&#8243; bottom_padding=&#8221;0&#8243; overlay_alpha=&#8221;50&#8243; gutter_size=&#8221;3&#8243; column_width_percent=&#8221;100&#8243; shift_y=&#8221;0&#8243; z_index=&#8221;0&#8243; uncode_shortcode_id=&#8221;128908&#8243;][vc_column column_width_percent=&#8221;100&#8243; position_vertical=&#8221;middle&#8221; align_horizontal=&#8221;align_center&#8221; gutter_size=&#8221;3&#8243; overlay_alpha=&#8221;50&#8243; shift_x=&#8221;0&#8243; shift_y=&#8221;0&#8243; shift_y_down=&#8221;0&#8243; [&hellip;]","og_url":"https:\/\/www.giafaritaormina.com\/it\/arrivo-in-auto\/","og_site_name":"Casa Giafari","article_modified_time":"2025-03-06T10:02:39+00:00","og_image":[{"width":1920,"height":800,"url":"https:\/\/www.giafaritaormina.com\/wp-content\/uploads\/2025\/02\/travel-by-car-heading-wide.jpg","type":"image\/jpeg"}],"twitter_card":"summary_large_image","twitter_misc":{"Tempo di lettura stimato":"3 minuti"},"schema":{"@context":"https:\/\/schema.org","@graph":[{"@type":"WebPage","@id":"https:\/\/www.giafaritaormina.com\/it\/arrivo-in-auto\/","url":"https:\/\/www.giafaritaormina.com\/it\/arrivo-in-auto\/","name":"Arrivo in Auto - Casa Giafari","isPartOf":{"@id":"https:\/\/www.giafaritaormina.com\/it\/#website"},"primaryImageOfPage":{"@id":"https:\/\/www.giafaritaormina.com\/it\/arrivo-in-auto\/#primaryimage"},"image":{"@id":"https:\/\/www.giafaritaormina.com\/it\/arrivo-in-auto\/#primaryimage"},"thumbnailUrl":"https:\/\/www.giafaritaormina.com\/wp-content\/uploads\/2025\/02\/travel-by-car-heading-wide.jpg","datePublished":"2025-02-07T09:16:38+00:00","dateModified":"2025-03-06T10:02:39+00:00","breadcrumb":{"@id":"https:\/\/www.giafaritaormina.com\/it\/arrivo-in-auto\/#breadcrumb"},"inLanguage":"it-IT","potentialAction":[{"@type":"ReadAction","target":["https:\/\/www.giafaritaormina.com\/it\/arrivo-in-auto\/"]}]},{"@type":"ImageObject","inLanguage":"it-IT","@id":"https:\/\/www.giafaritaormina.com\/it\/arrivo-in-auto\/#primaryimage","url":"https:\/\/www.giafaritaormina.com\/wp-content\/uploads\/2025\/02\/travel-by-car-heading-wide.jpg","contentUrl":"https:\/\/www.giafaritaormina.com\/wp-content\/uploads\/2025\/02\/travel-by-car-heading-wide.jpg","width":1920,"height":800},{"@type":"BreadcrumbList","@id":"https:\/\/www.giafaritaormina.com\/it\/arrivo-in-auto\/#breadcrumb","itemListElement":[{"@type":"ListItem","position":1,"name":"Home","item":"https:\/\/www.giafaritaormina.com\/it\/"},{"@type":"ListItem","position":2,"name":"Arrivo in Auto"}]},{"@type":"WebSite","@id":"https:\/\/www.giafaritaormina.com\/it\/#website","url":"https:\/\/www.giafaritaormina.com\/it\/","name":"Casa Giafari","description":"Dream place Taormina","publisher":{"@id":"https:\/\/www.giafaritaormina.com\/it\/#organization"},"potentialAction":[{"@type":"SearchAction","target":{"@type":"EntryPoint","urlTemplate":"https:\/\/www.giafaritaormina.com\/it\/?s={search_term_string}"},"query-input":{"@type":"PropertyValueSpecification","valueRequired":true,"valueName":"search_term_string"}}],"inLanguage":"it-IT"},{"@type":"Organization","@id":"https:\/\/www.giafaritaormina.com\/it\/#organization","name":"CASA GIAFARI","url":"https:\/\/www.giafaritaormina.com\/it\/","logo":{"@type":"ImageObject","inLanguage":"it-IT","@id":"https:\/\/www.giafaritaormina.com\/it\/#\/schema\/logo\/image\/","url":"https:\/\/www.giafaritaormina.com\/wp-content\/uploads\/2022\/07\/logo-casa-giafari-colori.png","contentUrl":"https:\/\/www.giafaritaormina.com\/wp-content\/uploads\/2022\/07\/logo-casa-giafari-colori.png","width":2472,"height":2486,"caption":"CASA GIAFARI"},"image":{"@id":"https:\/\/www.giafaritaormina.com\/it\/#\/schema\/logo\/image\/"},"sameAs":["https:\/\/www.instagram.com\/giafaritaormina\/"]}]}},"_links":{"self":[{"href":"https:\/\/www.giafaritaormina.com\/it\/wp-json\/wp\/v2\/pages\/1852","targetHints":{"allow":["GET"]}}],"collection":[{"href":"https:\/\/www.giafaritaormina.com\/it\/wp-json\/wp\/v2\/pages"}],"about":[{"href":"https:\/\/www.giafaritaormina.com\/it\/wp-json\/wp\/v2\/types\/page"}],"author":[{"embeddable":true,"href":"https:\/\/www.giafaritaormina.com\/it\/wp-json\/wp\/v2\/users\/6"}],"replies":[{"embeddable":true,"href":"https:\/\/www.giafaritaormina.com\/it\/wp-json\/wp\/v2\/comments?post=1852"}],"version-history":[{"count":15,"href":"https:\/\/www.giafaritaormina.com\/it\/wp-json\/wp\/v2\/pages\/1852\/revisions"}],"predecessor-version":[{"id":1940,"href":"https:\/\/www.giafaritaormina.com\/it\/wp-json\/wp\/v2\/pages\/1852\/revisions\/1940"}],"wp:featuredmedia":[{"embeddable":true,"href":"https:\/\/www.giafaritaormina.com\/it\/wp-json\/wp\/v2\/media\/1805"}],"wp:attachment":[{"href":"https:\/\/www.giafaritaormina.com\/it\/wp-json\/wp\/v2\/media?parent=1852"}],"curies":[{"name":"wp","href":"https:\/\/api.w.org\/{rel}","templated":true}]}}